{"id":114428,"date":"2023-10-19T15:29:16","date_gmt":"2023-10-19T19:29:16","guid":{"rendered":"https:\/\/galleriadesign.ca\/prendre-rendez-vous\/"},"modified":"2023-12-18T02:16:46","modified_gmt":"2023-12-18T07:16:46","slug":"prendre-rendez-vous","status":"publish","type":"page","link":"https:\/\/galleriadesign.ca\/fr\/prendre-rendez-vous\/","title":{"rendered":"Prendre rendez-vous"},"content":{"rendered":"<p>[vc_row row_height_percent=\u00a0\u00bb0&Prime; override_padding=\u00a0\u00bbyes\u00a0\u00bb h_padding=\u00a0\u00bb2&Prime; top_padding=\u00a0\u00bb6&Prime; bottom_padding=\u00a0\u00bb6&Prime; overlay_alpha=\u00a0\u00bb66&Prime; equal_height=\u00a0\u00bbyes\u00a0\u00bb gutter_size=\u00a0\u00bb4&Prime; column_width_percent=\u00a0\u00bb100&Prime; shift_y=\u00a0\u00bb0&Prime; z_index=\u00a0\u00bb0&Prime; uncode_shortcode_id=\u00a0\u00bb610673&Prime;][vc_column column_width_use_pixel=\u00a0\u00bbyes\u00a0\u00bb position_horizontal=\u00a0\u00bbleft\u00a0\u00bb gutter_size=\u00a0\u00bb3&Prime; overlay_alpha=\u00a0\u00bb50&Prime; shift_x=\u00a0\u00bb0&Prime; shift_y=\u00a0\u00bb0&Prime; shift_y_down=\u00a0\u00bb0&Prime; z_index=\u00a0\u00bb0&Prime; align_medium=\u00a0\u00bbalign_center_tablet\u00a0\u00bb medium_width=\u00a0\u00bb0&Prime; align_mobile=\u00a0\u00bbalign_center_mobile\u00a0\u00bb mobile_width=\u00a0\u00bb0&Prime; width=\u00a0\u00bb7\/12&Prime; uncode_shortcode_id=\u00a0\u00bb119750&Prime; column_width_pixel=\u00a0\u00bb600&Prime;][vc_custom_heading text_size=\u00a0\u00bbfontsize-338686&Prime; text_height=\u00a0\u00bbfontheight-179065&Prime; sub_reduced=\u00a0\u00bbyes\u00a0\u00bb css_animation=\u00a0\u00bbcurtain\u00a0\u00bb animation_speed=\u00a0\u00bb800&Prime; animation_delay=\u00a0\u00bb100&Prime; interval_animation=\u00a0\u00bb200&Prime; text_uppercase=\u00a0\u00bb\u00a0\u00bb uncode_shortcode_id=\u00a0\u00bb334167&Prime;]Parlons-en[\/vc_custom_heading][vc_separator sep_color=\u00a0\u00bb\u00a0\u00bb el_height=\u00a0\u00bb1px\u00a0\u00bb uncode_shortcode_id=\u00a0\u00bb142561&Prime;][vc_column_text text_lead=\u00a0\u00bbyes\u00a0\u00bb css_animation=\u00a0\u00bbbottom-t-top\u00a0\u00bb animation_delay=\u00a0\u00bb200&Prime; uncode_shortcode_id=\u00a0\u00bb532719&Prime;]Vivez l&rsquo;exp\u00e9rience Galleria Design, o\u00f9 chaque projet devient une aventure artistique et chaque espace une cr\u00e9ation pleine de passion.[\/vc_column_text][vc_custom_heading text_color=\u00a0\u00bbaccent\u00a0\u00bb heading_semantic=\u00a0\u00bbh3&Prime; text_size=\u00a0\u00bbh4&Prime; text_height=\u00a0\u00bbfontheight-357766&Prime; sub_reduced=\u00a0\u00bbyes\u00a0\u00bb css_animation=\u00a0\u00bbbottom-t-top\u00a0\u00bb animation_delay=\u00a0\u00bb300&Prime; text_uppercase=\u00a0\u00bb\u00a0\u00bb uncode_shortcode_id=\u00a0\u00bb127905&Prime; text_color_type=\u00a0\u00bbuncode-palette\u00a0\u00bb]Contactez Galleria Design et transformons ensemble votre vision en r\u00e9alit\u00e9.[\/vc_custom_heading][vc_empty_space empty_h=\u00a0\u00bb4&Prime; medium_visibility=\u00a0\u00bbyes\u00a0\u00bb mobile_visibility=\u00a0\u00bbyes\u00a0\u00bb][vc_empty_space empty_h=\u00a0\u00bb2&Prime; desktop_visibility=\u00a0\u00bbyes\u00a0\u00bb][vc_row_inner][vc_column_inner column_width_percent=\u00a0\u00bb100&Prime; position_horizontal=\u00a0\u00bbleft\u00a0\u00bb gutter_size=\u00a0\u00bb2&Prime; overlay_alpha=\u00a0\u00bb50&Prime; shift_x=\u00a0\u00bb0&Prime; shift_y=\u00a0\u00bb0&Prime; shift_y_down=\u00a0\u00bb0&Prime; z_index=\u00a0\u00bb0&Prime; align_medium=\u00a0\u00bbalign_center_tablet\u00a0\u00bb medium_width=\u00a0\u00bb0&Prime; align_mobile=\u00a0\u00bbalign_center_mobile\u00a0\u00bb mobile_width=\u00a0\u00bb0&Prime; width=\u00a0\u00bb1\/1&Prime; uncode_shortcode_id=\u00a0\u00bb146367&Prime;][vc_custom_heading heading_semantic=\u00a0\u00bbh3&Prime; text_size=\u00a0\u00bbh3&Prime; text_height=\u00a0\u00bbfontheight-623029&Prime; sub_reduced=\u00a0\u00bbyes\u00a0\u00bb css_animation=\u00a0\u00bbbottom-t-top\u00a0\u00bb animation_delay=\u00a0\u00bb400&Prime; text_uppercase=\u00a0\u00bb\u00a0\u00bb uncode_shortcode_id=\u00a0\u00bb174007&Prime;]Retrouvez-nous au[\/vc_custom_heading][vc_custom_heading heading_semantic=\u00a0\u00bbh3&Prime; text_size=\u00a0\u00bbh1&Prime; text_height=\u00a0\u00bbfontheight-623029&Prime; sub_reduced=\u00a0\u00bbyes\u00a0\u00bb css_animation=\u00a0\u00bbbottom-t-top\u00a0\u00bb animation_delay=\u00a0\u00bb500&Prime; text_uppercase=\u00a0\u00bb\u00a0\u00bb uncode_shortcode_id=\u00a0\u00bb152425&Prime;]<a href=\"tel:5143234994\">+(514) 323 4994<\/a>[\/vc_custom_heading][vc_custom_heading heading_semantic=\u00a0\u00bbh3&Prime; text_weight=\u00a0\u00bb400&Prime; text_height=\u00a0\u00bbfontheight-357766&Prime; sub_reduced=\u00a0\u00bbyes\u00a0\u00bb css_animation=\u00a0\u00bbbottom-t-top\u00a0\u00bb animation_delay=\u00a0\u00bb600&Prime; text_uppercase=\u00a0\u00bb\u00a0\u00bb uncode_shortcode_id=\u00a0\u00bb213493&Prime;]<a href=\"mailto:info@galleriadesign.ca\">info@galleriadesign.ca<\/a>[\/vc_custom_heading][vc_empty_space empty_h=\u00a0\u00bb2&Prime; desktop_visibility=\u00a0\u00bbyes\u00a0\u00bb][\/vc_column_inner][\/vc_row_inner][\/vc_column][vc_column column_width_percent=\u00a0\u00bb100&Prime; position_vertical=\u00a0\u00bbmiddle\u00a0\u00bb gutter_size=\u00a0\u00bb3&Prime; override_padding=\u00a0\u00bbyes\u00a0\u00bb column_padding=\u00a0\u00bb2&Prime; overlay_alpha=\u00a0\u00bb50&Prime; preserve_border=\u00a0\u00bbyes\u00a0\u00bb preserve_border_tablet=\u00a0\u00bbyes\u00a0\u00bb preserve_border_mobile=\u00a0\u00bbyes\u00a0\u00bb border_color=\u00a0\u00bbcolor-gyho\u00a0\u00bb border_style=\u00a0\u00bbsolid\u00a0\u00bb shift_x=\u00a0\u00bb0&Prime; shift_y=\u00a0\u00bb0&Prime; shift_y_down=\u00a0\u00bb0&Prime; z_index=\u00a0\u00bb0&Prime; medium_width=\u00a0\u00bb0&Prime; mobile_width=\u00a0\u00bb0&Prime; width=\u00a0\u00bb5\/12&Prime; uncode_shortcode_id=\u00a0\u00bb720449&Prime; css=\u00a0\u00bb.vc_custom_1697723270180{border-top-width: 2px !important;border-right-width: 2px !important;border-bottom-width: 2px !important;border-left-width: 2px !important;}\u00a0\u00bb border_color_type=\u00a0\u00bbuncode-palette\u00a0\u00bb]\n<div class=\"wpcf7 no-js\" id=\"wpcf7-f103506-o1\" lang=\"en-US\" dir=\"ltr\" data-wpcf7-id=\"103506\">\n<div class=\"screen-reader-response\"><p role=\"status\" aria-live=\"polite\" aria-atomic=\"true\"><\/p> <ul><\/ul><\/div>\n<form action=\"\/fr\/wp-json\/wp\/v2\/pages\/114428#wpcf7-f103506-o1\" method=\"post\" class=\"wpcf7-form init input-underline\" aria-label=\"Contact form\" novalidate=\"novalidate\" data-status=\"init\">\n<fieldset class=\"hidden-fields-container\"><input type=\"hidden\" name=\"_wpcf7\" value=\"103506\" \/><input type=\"hidden\" name=\"_wpcf7_version\" value=\"6.1.5\" \/><input type=\"hidden\" name=\"_wpcf7_locale\" value=\"en_US\" \/><input type=\"hidden\" name=\"_wpcf7_unit_tag\" value=\"wpcf7-f103506-o1\" \/><input type=\"hidden\" name=\"_wpcf7_container_post\" value=\"0\" \/><input type=\"hidden\" name=\"_wpcf7_posted_data_hash\" value=\"\" \/><input type=\"hidden\" name=\"_wpcf7_recaptcha_response\" value=\"\" \/>\n<\/fieldset>\n<div class=\"wpcf7-inline-wrapper\">\n\t<p class=\"wpcf7-inline-field\"><span class=\"wpcf7-form-control-wrap\" data-name=\"your-firstname\"><input size=\"40\" maxlength=\"400\" class=\"wpcf7-form-control wpcf7-text wpcf7-validates-as-required\" aria-required=\"true\" aria-invalid=\"false\" placeholder=\"Your Name\" value=\"\" type=\"text\" name=\"your-firstname\" \/><\/span>\n\t<\/p>\n\t<p class=\"wpcf7-inline-field\"><span class=\"wpcf7-form-control-wrap\" data-name=\"your-subject\"><input size=\"40\" maxlength=\"400\" class=\"wpcf7-form-control wpcf7-text wpcf7-validates-as-required\" aria-required=\"true\" aria-invalid=\"false\" placeholder=\"Subject\" value=\"\" type=\"text\" name=\"your-subject\" \/><\/span>\n\t<\/p>\n<\/div>\n<div class=\"wpcf7-inline-wrapper\">\n\t<p class=\"wpcf7-inline-field\"><span class=\"wpcf7-form-control-wrap\" data-name=\"your-email\"><input size=\"40\" maxlength=\"400\" class=\"wpcf7-form-control wpcf7-email wpcf7-validates-as-required wpcf7-text wpcf7-validates-as-email\" aria-required=\"true\" aria-invalid=\"false\" placeholder=\"Your Email\" value=\"\" type=\"email\" name=\"your-email\" \/><\/span>\n\t<\/p>\n\t<p class=\"wpcf7-inline-field\"><span class=\"wpcf7-form-control-wrap\" data-name=\"your-phone\"><input size=\"40\" maxlength=\"400\" class=\"wpcf7-form-control wpcf7-text wpcf7-validates-as-required\" aria-required=\"true\" aria-invalid=\"false\" placeholder=\"Your Phone\" value=\"\" type=\"text\" name=\"your-phone\" \/><\/span>\n\t<\/p>\n<\/div>\n<p><span class=\"wpcf7-form-control-wrap\" data-name=\"your-message\"><textarea cols=\"40\" rows=\"10\" maxlength=\"2000\" class=\"wpcf7-form-control wpcf7-textarea\" aria-invalid=\"false\" placeholder=\"Message...\" name=\"your-message\"><\/textarea><\/span>\n<\/p>\n<p><input class=\"wpcf7-form-control wpcf7-submit has-spinner btn btn-accent btn-block\" type=\"submit\" value=\"SEND A MESSAGE\" \/>\n<\/p><input type='hidden' class='wpcf7-pum' value='{\"closepopup\":false,\"closedelay\":0,\"openpopup\":false,\"openpopup_id\":0}' \/><div class=\"wpcf7-response-output\" aria-hidden=\"true\"><\/div>\n<\/form>\n<\/div>\n[\/vc_column][\/vc_row][vc_row unlock_row_content=\u00a0\u00bbyes\u00a0\u00bb row_height_percent=\u00a0\u00bb0&Prime; override_padding=\u00a0\u00bbyes\u00a0\u00bb h_padding=\u00a0\u00bb0&Prime; top_padding=\u00a0\u00bb0&Prime; bottom_padding=\u00a0\u00bb0&Prime; overlay_alpha=\u00a0\u00bb50&Prime; equal_height=\u00a0\u00bbyes\u00a0\u00bb gutter_size=\u00a0\u00bb1&Prime; column_width_percent=\u00a0\u00bb100&Prime; shift_y=\u00a0\u00bb0&Prime; z_index=\u00a0\u00bb0&Prime; uncode_shortcode_id=\u00a0\u00bb194739&Prime;][vc_column column_width_percent=\u00a0\u00bb100&Prime; align_horizontal=\u00a0\u00bbalign_center\u00a0\u00bb gutter_size=\u00a0\u00bb3&Prime; override_padding=\u00a0\u00bbyes\u00a0\u00bb column_padding=\u00a0\u00bb3&Prime; style=\u00a0\u00bbdark\u00a0\u00bb back_color=\u00a0\u00bbaccent\u00a0\u00bb overlay_alpha=\u00a0\u00bb80&Prime; shift_x=\u00a0\u00bb0&Prime; shift_y=\u00a0\u00bb0&Prime; shift_y_down=\u00a0\u00bb0&Prime; z_index=\u00a0\u00bb0&Prime; medium_width=\u00a0\u00bb4&Prime; mobile_width=\u00a0\u00bb0&Prime; css_animation=\u00a0\u00bbleft-t-right\u00a0\u00bb width=\u00a0\u00bb1\/2&Prime; uncode_shortcode_id=\u00a0\u00bb416432&Prime; back_color_type=\u00a0\u00bbuncode-palette\u00a0\u00bb el_class=\u00a0\u00bblocation-section\u00a0\u00bb][vc_empty_space empty_h=\u00a0\u00bb2&Prime;][vc_custom_heading text_size=\u00a0\u00bbfontsize-338686&Prime; text_height=\u00a0\u00bbfontheight-179065&Prime; sub_reduced=\u00a0\u00bbyes\u00a0\u00bb text_uppercase=\u00a0\u00bb\u00a0\u00bb uncode_shortcode_id=\u00a0\u00bb153202&Prime;]Si\u00e8ge social[\/vc_custom_heading][vc_separator sep_color=\u00a0\u00bb\u00a0\u00bb el_height=\u00a0\u00bb1px\u00a0\u00bb uncode_shortcode_id=\u00a0\u00bb153337&Prime;][vc_custom_heading heading_semantic=\u00a0\u00bbh3&Prime; text_weight=\u00a0\u00bb400&Prime; text_height=\u00a0\u00bbfontheight-357766&Prime; sub_reduced=\u00a0\u00bbyes\u00a0\u00bb text_uppercase=\u00a0\u00bb\u00a0\u00bb uncode_shortcode_id=\u00a0\u00bb926796&Prime;]5695 Boulevard des Grandes-Prairies suite 114,<br \/>\nSaint-L\u00e9onard, QC H1R 1B3[\/vc_custom_heading][vc_button button_color=\u00a0\u00bbcolor-nhtu\u00a0\u00bb size=\u00a0\u00bbbtn-lg\u00a0\u00bb text_skin=\u00a0\u00bbyes\u00a0\u00bb border_width=\u00a0\u00bb0&Prime; link=\u00a0\u00bburl:https%3A%2F%2Fwww.google.com%2Fmaps%2Fplace%2F5695%2BBd%2Bdes%2BGrandes-Prairies%2Bsuite%2B114%2C%2BSaint-L%25C3%25A9onard%2C%2BQC%2BH1R%2B1B3%2C%2BCanada|target:_blank|\u00a0\u00bb button_color_type=\u00a0\u00bbuncode-palette\u00a0\u00bb uncode_shortcode_id=\u00a0\u00bb119779&Prime;]Obtenir un itin\u00e9raire[\/vc_button][vc_empty_space empty_h=\u00a0\u00bb2&Prime;][\/vc_column][vc_column column_width_percent=\u00a0\u00bb100&Prime; align_horizontal=\u00a0\u00bbalign_center\u00a0\u00bb gutter_size=\u00a0\u00bb3&Prime; override_padding=\u00a0\u00bbyes\u00a0\u00bb column_padding=\u00a0\u00bb3&Prime; style=\u00a0\u00bbdark\u00a0\u00bb back_color=\u00a0\u00bbaccent\u00a0\u00bb overlay_alpha=\u00a0\u00bb50&Prime; shift_x=\u00a0\u00bb0&Prime; shift_y=\u00a0\u00bb0&Prime; shift_y_down=\u00a0\u00bb0&Prime; z_index=\u00a0\u00bb0&Prime; medium_width=\u00a0\u00bb4&Prime; mobile_width=\u00a0\u00bb0&Prime; css_animation=\u00a0\u00bbright-t-left\u00a0\u00bb width=\u00a0\u00bb1\/2&Prime; uncode_shortcode_id=\u00a0\u00bb185894&Prime; back_color_type=\u00a0\u00bbuncode-palette\u00a0\u00bb el_class=\u00a0\u00bblocation-section\u00a0\u00bb][vc_empty_space empty_h=\u00a0\u00bb2&Prime;][vc_custom_heading text_size=\u00a0\u00bbfontsize-338686&Prime; text_height=\u00a0\u00bbfontheight-179065&Prime; sub_reduced=\u00a0\u00bbyes\u00a0\u00bb text_uppercase=\u00a0\u00bb\u00a0\u00bb uncode_shortcode_id=\u00a0\u00bb176535&Prime;]Salle d&rsquo;exposition[\/vc_custom_heading][vc_separator sep_color=\u00a0\u00bb\u00a0\u00bb el_height=\u00a0\u00bb1px\u00a0\u00bb uncode_shortcode_id=\u00a0\u00bb153337&Prime;][vc_custom_heading heading_semantic=\u00a0\u00bbh3&Prime; text_weight=\u00a0\u00bb400&Prime; text_height=\u00a0\u00bbfontheight-357766&Prime; sub_reduced=\u00a0\u00bbyes\u00a0\u00bb text_uppercase=\u00a0\u00bb\u00a0\u00bb uncode_shortcode_id=\u00a0\u00bb156300&Prime;]7107 Trans Canada Route,<br \/>\nSaint-Laurent, Qu\u00e9bec H4R 2X7[\/vc_custom_heading][vc_button button_color=\u00a0\u00bbcolor-nhtu\u00a0\u00bb size=\u00a0\u00bbbtn-lg\u00a0\u00bb border_width=\u00a0\u00bb0&Prime; link=\u00a0\u00bburl:https%3A%2F%2Fwww.google.com%2Fmaps%2Fplace%2F7107%2BTrans%2BCanada%2BRoute%2C%2BMontreal%2C%2BQC%2BH4R%2B2X7%2C%2BCanada%2F|target:_blank|\u00a0\u00bb button_color_type=\u00a0\u00bbuncode-palette\u00a0\u00bb uncode_shortcode_id=\u00a0\u00bb134345&Prime;]Obtenir un itin\u00e9raire[\/vc_button][vc_empty_space empty_h=\u00a0\u00bb2&Prime;][\/vc_column][\/vc_row]<\/p>\n","protected":false},"excerpt":{"rendered":"<p>[vc_row row_height_percent=\u00a0\u00bb0&Prime; override_padding=\u00a0\u00bbyes\u00a0\u00bb h_padding=\u00a0\u00bb2&Prime; top_padding=\u00a0\u00bb6&Prime; bottom_padding=\u00a0\u00bb6&Prime; overlay_alpha=\u00a0\u00bb66&Prime; equal_height=\u00a0\u00bbyes\u00a0\u00bb gutter_size=\u00a0\u00bb4&Prime; column_width_percent=\u00a0\u00bb100&Prime; shift_y=\u00a0\u00bb0&Prime; z_index=\u00a0\u00bb0&Prime; uncode_shortcode_id=\u00a0\u00bb610673&Prime;][vc_column column_width_use_pixel=\u00a0\u00bbyes\u00a0\u00bb position_horizontal=\u00a0\u00bbleft\u00a0\u00bb gutter_size=\u00a0\u00bb3&Prime; overlay_alpha=\u00a0\u00bb50&Prime; shift_x=\u00a0\u00bb0&Prime; shift_y=\u00a0\u00bb0&Prime; shift_y_down=\u00a0\u00bb0&Prime; [&hellip;]<\/p>\n","protected":false},"author":4,"featured_media":114174,"parent":0,"menu_order":0,"comment_status":"closed","ping_status":"closed","template":"","meta":{"footnotes":""},"class_list":["post-114428","page","type-page","status-publish","has-post-thumbnail","hentry"],"yoast_head":"<!-- This site is optimized with the Yoast SEO plugin v27.5 - https:\/\/yoast.com\/product\/yoast-seo-wordpress\/ -->\n<title>Prendre rendez-vous &#8212; \u00a0Galleria Design<\/title>\n<meta name=\"description\" content=\"D\u00e9couvrez d\u00e8s aujourd&#039;hui la diff\u00e9rence Galleria Design, o\u00f9 chaque projet est une entreprise artistique et chaque espace une \u0153uvre de c\u0153ur.\" \/>\n<meta name=\"robots\" content=\"index, follow, max-snippet:-1, max-image-preview:large, max-video-preview:-1\" \/>\n<link rel=\"canonical\" href=\"https:\/\/galleriadesign.ca\/fr\/prendre-rendez-vous\/\" \/>\n<meta property=\"og:locale\" content=\"fr_FR\" \/>\n<meta property=\"og:type\" content=\"article\" \/>\n<meta property=\"og:title\" content=\"Prendre rendez-vous &#8212; \u00a0Galleria Design\" \/>\n<meta property=\"og:description\" content=\"D\u00e9couvrez d\u00e8s aujourd&#039;hui la diff\u00e9rence Galleria Design, o\u00f9 chaque projet est une entreprise artistique et chaque espace une \u0153uvre de c\u0153ur.\" \/>\n<meta property=\"og:url\" content=\"https:\/\/galleriadesign.ca\/fr\/prendre-rendez-vous\/\" \/>\n<meta property=\"og:site_name\" content=\"\u00a0Galleria Design\" \/>\n<meta property=\"article:publisher\" content=\"https:\/\/www.facebook.com\/GalleriaDesign\/\" \/>\n<meta property=\"article:modified_time\" content=\"2023-12-18T07:16:46+00:00\" \/>\n<meta property=\"og:image\" content=\"https:\/\/galleriadesign.ca\/wp-content\/uploads\/2023\/10\/Kitchens-20.jpg\" \/>\n\t<meta property=\"og:image:width\" content=\"2000\" \/>\n\t<meta property=\"og:image:height\" content=\"1333\" \/>\n\t<meta property=\"og:image:type\" content=\"image\/jpeg\" \/>\n<meta name=\"twitter:card\" content=\"summary_large_image\" \/>\n<meta name=\"twitter:label1\" content=\"Dur\u00e9e de lecture estim\u00e9e\" \/>\n\t<meta name=\"twitter:data1\" content=\"2 minutes\" \/>\n<script type=\"application\/ld+json\" class=\"yoast-schema-graph\">{\"@context\":\"https:\\\/\\\/schema.org\",\"@graph\":[{\"@type\":\"WebPage\",\"@id\":\"https:\\\/\\\/galleriadesign.ca\\\/fr\\\/prendre-rendez-vous\\\/\",\"url\":\"https:\\\/\\\/galleriadesign.ca\\\/fr\\\/prendre-rendez-vous\\\/\",\"name\":\"Prendre rendez-vous &#8212; \u00a0Galleria Design\",\"isPartOf\":{\"@id\":\"https:\\\/\\\/galleriadesign.ca\\\/fr\\\/#website\"},\"primaryImageOfPage\":{\"@id\":\"https:\\\/\\\/galleriadesign.ca\\\/fr\\\/prendre-rendez-vous\\\/#primaryimage\"},\"image\":{\"@id\":\"https:\\\/\\\/galleriadesign.ca\\\/fr\\\/prendre-rendez-vous\\\/#primaryimage\"},\"thumbnailUrl\":\"https:\\\/\\\/galleriadesign.ca\\\/wp-content\\\/uploads\\\/2023\\\/10\\\/Kitchens-20.jpg\",\"datePublished\":\"2023-10-19T19:29:16+00:00\",\"dateModified\":\"2023-12-18T07:16:46+00:00\",\"description\":\"D\u00e9couvrez d\u00e8s aujourd'hui la diff\u00e9rence Galleria Design, o\u00f9 chaque projet est une entreprise artistique et chaque espace une \u0153uvre de c\u0153ur.\",\"breadcrumb\":{\"@id\":\"https:\\\/\\\/galleriadesign.ca\\\/fr\\\/prendre-rendez-vous\\\/#breadcrumb\"},\"inLanguage\":\"fr-FR\",\"potentialAction\":[{\"@type\":\"ReadAction\",\"target\":[\"https:\\\/\\\/galleriadesign.ca\\\/fr\\\/prendre-rendez-vous\\\/\"]}]},{\"@type\":\"ImageObject\",\"inLanguage\":\"fr-FR\",\"@id\":\"https:\\\/\\\/galleriadesign.ca\\\/fr\\\/prendre-rendez-vous\\\/#primaryimage\",\"url\":\"https:\\\/\\\/galleriadesign.ca\\\/wp-content\\\/uploads\\\/2023\\\/10\\\/Kitchens-20.jpg\",\"contentUrl\":\"https:\\\/\\\/galleriadesign.ca\\\/wp-content\\\/uploads\\\/2023\\\/10\\\/Kitchens-20.jpg\",\"width\":2000,\"height\":1333},{\"@type\":\"BreadcrumbList\",\"@id\":\"https:\\\/\\\/galleriadesign.ca\\\/fr\\\/prendre-rendez-vous\\\/#breadcrumb\",\"itemListElement\":[{\"@type\":\"ListItem\",\"position\":1,\"name\":\"Startseite\",\"item\":\"https:\\\/\\\/galleriadesign.ca\\\/fr\\\/\"},{\"@type\":\"ListItem\",\"position\":2,\"name\":\"Prendre rendez-vous\"}]},{\"@type\":\"WebSite\",\"@id\":\"https:\\\/\\\/galleriadesign.ca\\\/fr\\\/#website\",\"url\":\"https:\\\/\\\/galleriadesign.ca\\\/fr\\\/\",\"name\":\"\u00a0Galleria Design\",\"description\":\"Atelier sp\u00e9cialis\u00e9 en fabrication sur mesure\",\"publisher\":{\"@id\":\"https:\\\/\\\/galleriadesign.ca\\\/fr\\\/#organization\"},\"potentialAction\":[{\"@type\":\"SearchAction\",\"target\":{\"@type\":\"EntryPoint\",\"urlTemplate\":\"https:\\\/\\\/galleriadesign.ca\\\/fr\\\/?s={search_term_string}\"},\"query-input\":{\"@type\":\"PropertyValueSpecification\",\"valueRequired\":true,\"valueName\":\"search_term_string\"}}],\"inLanguage\":\"fr-FR\"},{\"@type\":\"Organization\",\"@id\":\"https:\\\/\\\/galleriadesign.ca\\\/fr\\\/#organization\",\"name\":\"\u00a0Galleria Design\",\"url\":\"https:\\\/\\\/galleriadesign.ca\\\/fr\\\/\",\"logo\":{\"@type\":\"ImageObject\",\"inLanguage\":\"fr-FR\",\"@id\":\"https:\\\/\\\/galleriadesign.ca\\\/fr\\\/#\\\/schema\\\/logo\\\/image\\\/\",\"url\":\"https:\\\/\\\/galleriadesign.ca\\\/wp-content\\\/uploads\\\/2023\\\/10\\\/new-logo.svg\",\"contentUrl\":\"https:\\\/\\\/galleriadesign.ca\\\/wp-content\\\/uploads\\\/2023\\\/10\\\/new-logo.svg\",\"width\":1,\"height\":1,\"caption\":\"\u00a0Galleria Design\"},\"image\":{\"@id\":\"https:\\\/\\\/galleriadesign.ca\\\/fr\\\/#\\\/schema\\\/logo\\\/image\\\/\"},\"sameAs\":[\"https:\\\/\\\/www.facebook.com\\\/GalleriaDesign\\\/\",\"https:\\\/\\\/www.instagram.com\\\/galleriadesign\\\/\"]}]}<\/script>\n<!-- \/ Yoast SEO plugin. -->","yoast_head_json":{"title":"Prendre rendez-vous &#8212; \u00a0Galleria Design","description":"D\u00e9couvrez d\u00e8s aujourd'hui la diff\u00e9rence Galleria Design, o\u00f9 chaque projet est une entreprise artistique et chaque espace une \u0153uvre de c\u0153ur.","robots":{"index":"index","follow":"follow","max-snippet":"max-snippet:-1","max-image-preview":"max-image-preview:large","max-video-preview":"max-video-preview:-1"},"canonical":"https:\/\/galleriadesign.ca\/fr\/prendre-rendez-vous\/","og_locale":"fr_FR","og_type":"article","og_title":"Prendre rendez-vous &#8212; \u00a0Galleria Design","og_description":"D\u00e9couvrez d\u00e8s aujourd'hui la diff\u00e9rence Galleria Design, o\u00f9 chaque projet est une entreprise artistique et chaque espace une \u0153uvre de c\u0153ur.","og_url":"https:\/\/galleriadesign.ca\/fr\/prendre-rendez-vous\/","og_site_name":"\u00a0Galleria Design","article_publisher":"https:\/\/www.facebook.com\/GalleriaDesign\/","article_modified_time":"2023-12-18T07:16:46+00:00","og_image":[{"width":2000,"height":1333,"url":"https:\/\/galleriadesign.ca\/wp-content\/uploads\/2023\/10\/Kitchens-20.jpg","type":"image\/jpeg"}],"twitter_card":"summary_large_image","twitter_misc":{"Dur\u00e9e de lecture estim\u00e9e":"2 minutes"},"schema":{"@context":"https:\/\/schema.org","@graph":[{"@type":"WebPage","@id":"https:\/\/galleriadesign.ca\/fr\/prendre-rendez-vous\/","url":"https:\/\/galleriadesign.ca\/fr\/prendre-rendez-vous\/","name":"Prendre rendez-vous &#8212; \u00a0Galleria Design","isPartOf":{"@id":"https:\/\/galleriadesign.ca\/fr\/#website"},"primaryImageOfPage":{"@id":"https:\/\/galleriadesign.ca\/fr\/prendre-rendez-vous\/#primaryimage"},"image":{"@id":"https:\/\/galleriadesign.ca\/fr\/prendre-rendez-vous\/#primaryimage"},"thumbnailUrl":"https:\/\/galleriadesign.ca\/wp-content\/uploads\/2023\/10\/Kitchens-20.jpg","datePublished":"2023-10-19T19:29:16+00:00","dateModified":"2023-12-18T07:16:46+00:00","description":"D\u00e9couvrez d\u00e8s aujourd'hui la diff\u00e9rence Galleria Design, o\u00f9 chaque projet est une entreprise artistique et chaque espace une \u0153uvre de c\u0153ur.","breadcrumb":{"@id":"https:\/\/galleriadesign.ca\/fr\/prendre-rendez-vous\/#breadcrumb"},"inLanguage":"fr-FR","potentialAction":[{"@type":"ReadAction","target":["https:\/\/galleriadesign.ca\/fr\/prendre-rendez-vous\/"]}]},{"@type":"ImageObject","inLanguage":"fr-FR","@id":"https:\/\/galleriadesign.ca\/fr\/prendre-rendez-vous\/#primaryimage","url":"https:\/\/galleriadesign.ca\/wp-content\/uploads\/2023\/10\/Kitchens-20.jpg","contentUrl":"https:\/\/galleriadesign.ca\/wp-content\/uploads\/2023\/10\/Kitchens-20.jpg","width":2000,"height":1333},{"@type":"BreadcrumbList","@id":"https:\/\/galleriadesign.ca\/fr\/prendre-rendez-vous\/#breadcrumb","itemListElement":[{"@type":"ListItem","position":1,"name":"Startseite","item":"https:\/\/galleriadesign.ca\/fr\/"},{"@type":"ListItem","position":2,"name":"Prendre rendez-vous"}]},{"@type":"WebSite","@id":"https:\/\/galleriadesign.ca\/fr\/#website","url":"https:\/\/galleriadesign.ca\/fr\/","name":"\u00a0Galleria Design","description":"Atelier sp\u00e9cialis\u00e9 en fabrication sur mesure","publisher":{"@id":"https:\/\/galleriadesign.ca\/fr\/#organization"},"potentialAction":[{"@type":"SearchAction","target":{"@type":"EntryPoint","urlTemplate":"https:\/\/galleriadesign.ca\/fr\/?s={search_term_string}"},"query-input":{"@type":"PropertyValueSpecification","valueRequired":true,"valueName":"search_term_string"}}],"inLanguage":"fr-FR"},{"@type":"Organization","@id":"https:\/\/galleriadesign.ca\/fr\/#organization","name":"\u00a0Galleria Design","url":"https:\/\/galleriadesign.ca\/fr\/","logo":{"@type":"ImageObject","inLanguage":"fr-FR","@id":"https:\/\/galleriadesign.ca\/fr\/#\/schema\/logo\/image\/","url":"https:\/\/galleriadesign.ca\/wp-content\/uploads\/2023\/10\/new-logo.svg","contentUrl":"https:\/\/galleriadesign.ca\/wp-content\/uploads\/2023\/10\/new-logo.svg","width":1,"height":1,"caption":"\u00a0Galleria Design"},"image":{"@id":"https:\/\/galleriadesign.ca\/fr\/#\/schema\/logo\/image\/"},"sameAs":["https:\/\/www.facebook.com\/GalleriaDesign\/","https:\/\/www.instagram.com\/galleriadesign\/"]}]}},"_links":{"self":[{"href":"https:\/\/galleriadesign.ca\/fr\/wp-json\/wp\/v2\/pages\/114428","targetHints":{"allow":["GET"]}}],"collection":[{"href":"https:\/\/galleriadesign.ca\/fr\/wp-json\/wp\/v2\/pages"}],"about":[{"href":"https:\/\/galleriadesign.ca\/fr\/wp-json\/wp\/v2\/types\/page"}],"author":[{"embeddable":true,"href":"https:\/\/galleriadesign.ca\/fr\/wp-json\/wp\/v2\/users\/4"}],"replies":[{"embeddable":true,"href":"https:\/\/galleriadesign.ca\/fr\/wp-json\/wp\/v2\/comments?post=114428"}],"version-history":[{"count":1,"href":"https:\/\/galleriadesign.ca\/fr\/wp-json\/wp\/v2\/pages\/114428\/revisions"}],"predecessor-version":[{"id":114603,"href":"https:\/\/galleriadesign.ca\/fr\/wp-json\/wp\/v2\/pages\/114428\/revisions\/114603"}],"wp:featuredmedia":[{"embeddable":true,"href":"https:\/\/galleriadesign.ca\/fr\/wp-json\/wp\/v2\/media\/114174"}],"wp:attachment":[{"href":"https:\/\/galleriadesign.ca\/fr\/wp-json\/wp\/v2\/media?parent=114428"}],"curies":[{"name":"wp","href":"https:\/\/api.w.org\/{rel}","templated":true}]}}