{"id":114420,"date":"2023-10-19T19:52:03","date_gmt":"2023-10-19T23:52:03","guid":{"rendered":"https:\/\/galleriadesign.ca\/blogue\/"},"modified":"2023-12-18T02:15:26","modified_gmt":"2023-12-18T07:15:26","slug":"notre-blogue","status":"publish","type":"page","link":"https:\/\/galleriadesign.ca\/fr\/notre-blogue\/","title":{"rendered":"Blogue"},"content":{"rendered":"<p>[vc_row row_height_percent=\u00a0\u00bb0&Prime; override_padding=\u00a0\u00bbyes\u00a0\u00bb h_padding=\u00a0\u00bb2&Prime; top_padding=\u00a0\u00bb6&Prime; bottom_padding=\u00a0\u00bb2&Prime; overlay_alpha=\u00a0\u00bb66&Prime; equal_height=\u00a0\u00bbyes\u00a0\u00bb gutter_size=\u00a0\u00bb4&Prime; column_width_percent=\u00a0\u00bb100&Prime; shift_y=\u00a0\u00bb0&Prime; z_index=\u00a0\u00bb0&Prime; top_divider=\u00a0\u00bbgradient\u00a0\u00bb enable_bottom_divider=\u00a0\u00bbdefault\u00a0\u00bb bottom_divider=\u00a0\u00bbgradient\u00a0\u00bb shape_bottom_h_use_pixel=\u00a0\u00bbtrue\u00a0\u00bb shape_bottom_height_percent=\u00a0\u00bb50&Prime; shape_bottom_color=\u00a0\u00bbcolor-lxmt\u00a0\u00bb shape_bottom_opacity=\u00a0\u00bb100&Prime; shape_bottom_index=\u00a0\u00bb0&Prime; uncode_shortcode_id=\u00a0\u00bb479189&Prime; shape_dividers=\u00a0\u00bb\u00a0\u00bb shape_bottom_color_type=\u00a0\u00bbuncode-palette\u00a0\u00bb][vc_column column_width_use_pixel=\u00a0\u00bbyes\u00a0\u00bb align_horizontal=\u00a0\u00bbalign_center\u00a0\u00bb gutter_size=\u00a0\u00bb3&Prime; overlay_alpha=\u00a0\u00bb50&Prime; shift_x=\u00a0\u00bb0&Prime; shift_y=\u00a0\u00bb0&Prime; shift_y_down=\u00a0\u00bb0&Prime; z_index=\u00a0\u00bb0&Prime; align_medium=\u00a0\u00bbalign_center_tablet\u00a0\u00bb medium_width=\u00a0\u00bb0&Prime; align_mobile=\u00a0\u00bbalign_center_mobile\u00a0\u00bb mobile_width=\u00a0\u00bb0&Prime; width=\u00a0\u00bb1\/1&Prime; uncode_shortcode_id=\u00a0\u00bb168435&Prime; column_width_pixel=\u00a0\u00bb1160&Prime;][vc_custom_heading text_size=\u00a0\u00bbfontsize-338686&Prime; text_height=\u00a0\u00bbfontheight-179065&Prime; sub_reduced=\u00a0\u00bbyes\u00a0\u00bb css_animation=\u00a0\u00bbcurtain\u00a0\u00bb animation_speed=\u00a0\u00bb800&Prime; animation_delay=\u00a0\u00bb100&Prime; interval_animation=\u00a0\u00bb200&Prime; text_uppercase=\u00a0\u00bb\u00a0\u00bb uncode_shortcode_id=\u00a0\u00bb197277&Prime;]Notre blogue[\/vc_custom_heading][vc_separator sep_color=\u00a0\u00bb\u00a0\u00bb el_height=\u00a0\u00bb1px\u00a0\u00bb uncode_shortcode_id=\u00a0\u00bb142561&Prime;][vc_column_text text_lead=\u00a0\u00bbyes\u00a0\u00bb css_animation=\u00a0\u00bbbottom-t-top\u00a0\u00bb animation_delay=\u00a0\u00bb200&Prime; uncode_shortcode_id=\u00a0\u00bb197844&Prime;]D\u00e9couvrez l&rsquo;art du design int\u00e9rieur \u00e0 travers notre blogue Explorez le blogue de Galleria Design, votre source d&rsquo;inspiration et de connaissances en mati\u00e8re de design. Obtenez des conseils d&rsquo;experts, restez inform\u00e9 sur les tendances en design et d\u00e9couvrez les points forts de nos projets. Que vous transformiez votre cuisine, votre salle de bains ou d&rsquo;autres espaces, notre blogue fournit des informations et id\u00e9es pr\u00e9cieuses pour embellir votre maison.[\/vc_column_text][vc_custom_heading text_color=\u00a0\u00bbaccent\u00a0\u00bb heading_semantic=\u00a0\u00bbh3&Prime; text_size=\u00a0\u00bbh4&Prime; text_transform=\u00a0\u00bbuppercase\u00a0\u00bb text_height=\u00a0\u00bbfontheight-357766&Prime; sub_reduced=\u00a0\u00bbyes\u00a0\u00bb css_animation=\u00a0\u00bbbottom-t-top\u00a0\u00bb animation_delay=\u00a0\u00bb300&Prime; text_uppercase=\u00a0\u00bb\u00a0\u00bb uncode_shortcode_id=\u00a0\u00bb758713&Prime; text_color_type=\u00a0\u00bbuncode-palette\u00a0\u00bb]Obtenez des conseils d&rsquo;experts, restez inform\u00e9 sur les tendances en design et d\u00e9couvrez les points forts de nos projets. Que vous transformiez votre cuisine, votre salle de bains ou d&rsquo;autres espaces, notre blogue fournit des informations et id\u00e9es pr\u00e9cieuses<br \/>\npour embellir votre maison.[\/vc_custom_heading][\/vc_column][\/vc_row][vc_row row_height_percent=\u00a0\u00bb0&Prime; override_padding=\u00a0\u00bbyes\u00a0\u00bb h_padding=\u00a0\u00bb2&Prime; top_padding=\u00a0\u00bb2&Prime; bottom_padding=\u00a0\u00bb5&Prime; back_color=\u00a0\u00bbcolor-lxmt\u00a0\u00bb overlay_alpha=\u00a0\u00bb100&Prime; equal_height=\u00a0\u00bbyes\u00a0\u00bb gutter_size=\u00a0\u00bb0&Prime; column_width_percent=\u00a0\u00bb100&Prime; shift_y=\u00a0\u00bb0&Prime; z_index=\u00a0\u00bb0&Prime; top_divider=\u00a0\u00bbgradient\u00a0\u00bb style=\u00a0\u00bbinherited\u00a0\u00bb shape_dividers=\u00a0\u00bb\u00a0\u00bb uncode_shortcode_id=\u00a0\u00bb482666&Prime; back_color_type=\u00a0\u00bbuncode-palette\u00a0\u00bb][vc_column column_width_use_pixel=\u00a0\u00bbyes\u00a0\u00bb gutter_size=\u00a0\u00bb3&Prime; overlay_alpha=\u00a0\u00bb100&Prime; shift_x=\u00a0\u00bb0&Prime; shift_y=\u00a0\u00bb0&Prime; shift_y_down=\u00a0\u00bb0&Prime; z_index=\u00a0\u00bb0&Prime; medium_width=\u00a0\u00bb0&Prime; mobile_width=\u00a0\u00bb0&Prime; zoom_width=\u00a0\u00bb0&Prime; zoom_height=\u00a0\u00bb0&Prime; width=\u00a0\u00bb1\/1&Prime; mobile_width_full=\u00a0\u00bb\u00a0\u00bb column_width_pixel=\u00a0\u00bb800&Prime; uncode_shortcode_id=\u00a0\u00bb332414&Prime;][uncode_index el_id=\u00a0\u00bbindex-blog\u00a0\u00bb isotope_mode=\u00a0\u00bbfitRows\u00a0\u00bb loop=\u00a0\u00bbsize:6|order_by:date|post_type:post|taxonomy_count:10&Prime; screen_lg=\u00a0\u00bb860&Prime; screen_md=\u00a0\u00bb600&Prime; screen_sm=\u00a0\u00bb480&Prime; gutter_size=\u00a0\u00bb3&Prime; post_items=\u00a0\u00bbmedia|featured|onpost|poster,icon|lg,date,title,text|excerpt|190,spacer|one,link|default|small_size\u00a0\u00bb page_items=\u00a0\u00bbtitle,media,text,category\u00a0\u00bb product_items=\u00a0\u00bbtitle,media,text,category,price\u00a0\u00bb portfolio_items=\u00a0\u00bbtitle,media,text,category\u00a0\u00bb infinite=\u00a0\u00bbyes\u00a0\u00bb infinite_button=\u00a0\u00bbicon\u00a0\u00bb single_width=\u00a0\u00bb12&Prime; images_size=\u00a0\u00bbtwo-one\u00a0\u00bb single_back_color=\u00a0\u00bbcolor-xsdn\u00a0\u00bb single_overlay_opacity=\u00a0\u00bb50&Prime; single_image_anim=\u00a0\u00bbno\u00a0\u00bb single_padding=\u00a0\u00bb2&Prime; single_title_dimension=\u00a0\u00bbh2&Prime; single_css_animation=\u00a0\u00bbbottom-t-top\u00a0\u00bb single_animation_delay=\u00a0\u00bb200&Prime; post_matrix=\u00a0\u00bbmatrix\u00a0\u00bb matrix_amount=\u00a0\u00bb3&Prime; single_half_padding=\u00a0\u00bb\u00a0\u00bb single_title_uppercase=\u00a0\u00bb\u00a0\u00bb single_title_bold=\u00a0\u00bbyes\u00a0\u00bb single_title_serif=\u00a0\u00bb\u00a0\u00bb single_title_divider=\u00a0\u00bb\u00a0\u00bb single_no_background=\u00a0\u00bb\u00a0\u00bb footer_position=\u00a0\u00bbleft\u00a0\u00bb carousel_rtl=\u00a0\u00bb\u00a0\u00bb single_icon=\u00a0\u00bbfa fa-search3&Prime; matrix_items=\u00a0\u00bbe30=\u00a0\u00bb uncode_shortcode_id=\u00a0\u00bb680312&Prime;][\/vc_column][\/vc_row]<\/p>\n","protected":false},"excerpt":{"rendered":"<p>[vc_row row_height_percent=\u00a0\u00bb0&Prime; override_padding=\u00a0\u00bbyes\u00a0\u00bb h_padding=\u00a0\u00bb2&Prime; top_padding=\u00a0\u00bb6&Prime; bottom_padding=\u00a0\u00bb2&Prime; overlay_alpha=\u00a0\u00bb66&Prime; equal_height=\u00a0\u00bbyes\u00a0\u00bb gutter_size=\u00a0\u00bb4&Prime; column_width_percent=\u00a0\u00bb100&Prime; shift_y=\u00a0\u00bb0&Prime; z_index=\u00a0\u00bb0&Prime; top_divider=\u00a0\u00bbgradient\u00a0\u00bb enable_bottom_divider=\u00a0\u00bbdefault\u00a0\u00bb bottom_divider=\u00a0\u00bbgradient\u00a0\u00bb shape_bottom_h_use_pixel=\u00a0\u00bbtrue\u00a0\u00bb shape_bottom_height_percent=\u00a0\u00bb50&Prime; shape_bottom_color=\u00a0\u00bbcolor-lxmt\u00a0\u00bb shape_bottom_opacity=\u00a0\u00bb100&Prime; shape_bottom_index=\u00a0\u00bb0&Prime; [&hellip;]<\/p>\n","protected":false},"author":4,"featured_media":114305,"parent":0,"menu_order":0,"comment_status":"closed","ping_status":"closed","template":"","meta":{"footnotes":""},"class_list":["post-114420","page","type-page","status-publish","has-post-thumbnail","hentry"],"yoast_head":"<!-- This site is optimized with the Yoast SEO plugin v27.4 - https:\/\/yoast.com\/product\/yoast-seo-wordpress\/ -->\n<title>Blogue &#8212; \u00a0Galleria Design<\/title>\n<meta name=\"description\" content=\"Obtenez des conseils d&#039;experts, tenez-vous au courant des tendances en mati\u00e8re de design et d\u00e9couvrez les points forts de vos projets.\" \/>\n<meta name=\"robots\" content=\"index, follow, max-snippet:-1, max-image-preview:large, max-video-preview:-1\" \/>\n<link rel=\"canonical\" href=\"https:\/\/galleriadesign.ca\/fr\/notre-blogue\/\" \/>\n<meta property=\"og:locale\" content=\"fr_FR\" \/>\n<meta property=\"og:type\" content=\"article\" \/>\n<meta property=\"og:title\" content=\"Blogue &#8212; \u00a0Galleria Design\" \/>\n<meta property=\"og:description\" content=\"Obtenez des conseils d&#039;experts, tenez-vous au courant des tendances en mati\u00e8re de design et d\u00e9couvrez les points forts de vos projets.\" \/>\n<meta property=\"og:url\" content=\"https:\/\/galleriadesign.ca\/fr\/notre-blogue\/\" \/>\n<meta property=\"og:site_name\" content=\"\u00a0Galleria Design\" \/>\n<meta property=\"article:publisher\" content=\"https:\/\/www.facebook.com\/GalleriaDesign\/\" \/>\n<meta property=\"article:modified_time\" content=\"2023-12-18T07:15:26+00:00\" \/>\n<meta property=\"og:image\" content=\"https:\/\/galleriadesign.ca\/wp-content\/uploads\/2023\/10\/Architectural-furniture-19.jpg\" \/>\n\t<meta property=\"og:image:width\" content=\"2000\" \/>\n\t<meta property=\"og:image:height\" content=\"1334\" \/>\n\t<meta property=\"og:image:type\" content=\"image\/jpeg\" \/>\n<meta name=\"twitter:card\" content=\"summary_large_image\" \/>\n<meta name=\"twitter:label1\" content=\"Dur\u00e9e de lecture estim\u00e9e\" \/>\n\t<meta name=\"twitter:data1\" content=\"2 minutes\" \/>\n<script type=\"application\/ld+json\" class=\"yoast-schema-graph\">{\"@context\":\"https:\\\/\\\/schema.org\",\"@graph\":[{\"@type\":\"WebPage\",\"@id\":\"https:\\\/\\\/galleriadesign.ca\\\/fr\\\/notre-blogue\\\/\",\"url\":\"https:\\\/\\\/galleriadesign.ca\\\/fr\\\/notre-blogue\\\/\",\"name\":\"Blogue &#8212; \u00a0Galleria Design\",\"isPartOf\":{\"@id\":\"https:\\\/\\\/galleriadesign.ca\\\/fr\\\/#website\"},\"primaryImageOfPage\":{\"@id\":\"https:\\\/\\\/galleriadesign.ca\\\/fr\\\/notre-blogue\\\/#primaryimage\"},\"image\":{\"@id\":\"https:\\\/\\\/galleriadesign.ca\\\/fr\\\/notre-blogue\\\/#primaryimage\"},\"thumbnailUrl\":\"https:\\\/\\\/galleriadesign.ca\\\/wp-content\\\/uploads\\\/2023\\\/10\\\/Architectural-furniture-19.jpg\",\"datePublished\":\"2023-10-19T23:52:03+00:00\",\"dateModified\":\"2023-12-18T07:15:26+00:00\",\"description\":\"Obtenez des conseils d'experts, tenez-vous au courant des tendances en mati\u00e8re de design et d\u00e9couvrez les points forts de vos projets.\",\"breadcrumb\":{\"@id\":\"https:\\\/\\\/galleriadesign.ca\\\/fr\\\/notre-blogue\\\/#breadcrumb\"},\"inLanguage\":\"fr-FR\",\"potentialAction\":[{\"@type\":\"ReadAction\",\"target\":[\"https:\\\/\\\/galleriadesign.ca\\\/fr\\\/notre-blogue\\\/\"]}]},{\"@type\":\"ImageObject\",\"inLanguage\":\"fr-FR\",\"@id\":\"https:\\\/\\\/galleriadesign.ca\\\/fr\\\/notre-blogue\\\/#primaryimage\",\"url\":\"https:\\\/\\\/galleriadesign.ca\\\/wp-content\\\/uploads\\\/2023\\\/10\\\/Architectural-furniture-19.jpg\",\"contentUrl\":\"https:\\\/\\\/galleriadesign.ca\\\/wp-content\\\/uploads\\\/2023\\\/10\\\/Architectural-furniture-19.jpg\",\"width\":2000,\"height\":1334},{\"@type\":\"BreadcrumbList\",\"@id\":\"https:\\\/\\\/galleriadesign.ca\\\/fr\\\/notre-blogue\\\/#breadcrumb\",\"itemListElement\":[{\"@type\":\"ListItem\",\"position\":1,\"name\":\"Startseite\",\"item\":\"https:\\\/\\\/galleriadesign.ca\\\/fr\\\/\"},{\"@type\":\"ListItem\",\"position\":2,\"name\":\"Blogue\"}]},{\"@type\":\"WebSite\",\"@id\":\"https:\\\/\\\/galleriadesign.ca\\\/fr\\\/#website\",\"url\":\"https:\\\/\\\/galleriadesign.ca\\\/fr\\\/\",\"name\":\"\u00a0Galleria Design\",\"description\":\"Atelier sp\u00e9cialis\u00e9 en fabrication sur mesure\",\"publisher\":{\"@id\":\"https:\\\/\\\/galleriadesign.ca\\\/fr\\\/#organization\"},\"potentialAction\":[{\"@type\":\"SearchAction\",\"target\":{\"@type\":\"EntryPoint\",\"urlTemplate\":\"https:\\\/\\\/galleriadesign.ca\\\/fr\\\/?s={search_term_string}\"},\"query-input\":{\"@type\":\"PropertyValueSpecification\",\"valueRequired\":true,\"valueName\":\"search_term_string\"}}],\"inLanguage\":\"fr-FR\"},{\"@type\":\"Organization\",\"@id\":\"https:\\\/\\\/galleriadesign.ca\\\/fr\\\/#organization\",\"name\":\"\u00a0Galleria Design\",\"url\":\"https:\\\/\\\/galleriadesign.ca\\\/fr\\\/\",\"logo\":{\"@type\":\"ImageObject\",\"inLanguage\":\"fr-FR\",\"@id\":\"https:\\\/\\\/galleriadesign.ca\\\/fr\\\/#\\\/schema\\\/logo\\\/image\\\/\",\"url\":\"https:\\\/\\\/galleriadesign.ca\\\/wp-content\\\/uploads\\\/2023\\\/10\\\/new-logo.svg\",\"contentUrl\":\"https:\\\/\\\/galleriadesign.ca\\\/wp-content\\\/uploads\\\/2023\\\/10\\\/new-logo.svg\",\"width\":1,\"height\":1,\"caption\":\"\u00a0Galleria Design\"},\"image\":{\"@id\":\"https:\\\/\\\/galleriadesign.ca\\\/fr\\\/#\\\/schema\\\/logo\\\/image\\\/\"},\"sameAs\":[\"https:\\\/\\\/www.facebook.com\\\/GalleriaDesign\\\/\",\"https:\\\/\\\/www.instagram.com\\\/galleriadesign\\\/\"]}]}<\/script>\n<!-- \/ Yoast SEO plugin. -->","yoast_head_json":{"title":"Blogue &#8212; \u00a0Galleria Design","description":"Obtenez des conseils d'experts, tenez-vous au courant des tendances en mati\u00e8re de design et d\u00e9couvrez les points forts de vos projets.","robots":{"index":"index","follow":"follow","max-snippet":"max-snippet:-1","max-image-preview":"max-image-preview:large","max-video-preview":"max-video-preview:-1"},"canonical":"https:\/\/galleriadesign.ca\/fr\/notre-blogue\/","og_locale":"fr_FR","og_type":"article","og_title":"Blogue &#8212; \u00a0Galleria Design","og_description":"Obtenez des conseils d'experts, tenez-vous au courant des tendances en mati\u00e8re de design et d\u00e9couvrez les points forts de vos projets.","og_url":"https:\/\/galleriadesign.ca\/fr\/notre-blogue\/","og_site_name":"\u00a0Galleria Design","article_publisher":"https:\/\/www.facebook.com\/GalleriaDesign\/","article_modified_time":"2023-12-18T07:15:26+00:00","og_image":[{"width":2000,"height":1334,"url":"https:\/\/galleriadesign.ca\/wp-content\/uploads\/2023\/10\/Architectural-furniture-19.jpg","type":"image\/jpeg"}],"twitter_card":"summary_large_image","twitter_misc":{"Dur\u00e9e de lecture estim\u00e9e":"2 minutes"},"schema":{"@context":"https:\/\/schema.org","@graph":[{"@type":"WebPage","@id":"https:\/\/galleriadesign.ca\/fr\/notre-blogue\/","url":"https:\/\/galleriadesign.ca\/fr\/notre-blogue\/","name":"Blogue &#8212; \u00a0Galleria Design","isPartOf":{"@id":"https:\/\/galleriadesign.ca\/fr\/#website"},"primaryImageOfPage":{"@id":"https:\/\/galleriadesign.ca\/fr\/notre-blogue\/#primaryimage"},"image":{"@id":"https:\/\/galleriadesign.ca\/fr\/notre-blogue\/#primaryimage"},"thumbnailUrl":"https:\/\/galleriadesign.ca\/wp-content\/uploads\/2023\/10\/Architectural-furniture-19.jpg","datePublished":"2023-10-19T23:52:03+00:00","dateModified":"2023-12-18T07:15:26+00:00","description":"Obtenez des conseils d'experts, tenez-vous au courant des tendances en mati\u00e8re de design et d\u00e9couvrez les points forts de vos projets.","breadcrumb":{"@id":"https:\/\/galleriadesign.ca\/fr\/notre-blogue\/#breadcrumb"},"inLanguage":"fr-FR","potentialAction":[{"@type":"ReadAction","target":["https:\/\/galleriadesign.ca\/fr\/notre-blogue\/"]}]},{"@type":"ImageObject","inLanguage":"fr-FR","@id":"https:\/\/galleriadesign.ca\/fr\/notre-blogue\/#primaryimage","url":"https:\/\/galleriadesign.ca\/wp-content\/uploads\/2023\/10\/Architectural-furniture-19.jpg","contentUrl":"https:\/\/galleriadesign.ca\/wp-content\/uploads\/2023\/10\/Architectural-furniture-19.jpg","width":2000,"height":1334},{"@type":"BreadcrumbList","@id":"https:\/\/galleriadesign.ca\/fr\/notre-blogue\/#breadcrumb","itemListElement":[{"@type":"ListItem","position":1,"name":"Startseite","item":"https:\/\/galleriadesign.ca\/fr\/"},{"@type":"ListItem","position":2,"name":"Blogue"}]},{"@type":"WebSite","@id":"https:\/\/galleriadesign.ca\/fr\/#website","url":"https:\/\/galleriadesign.ca\/fr\/","name":"\u00a0Galleria Design","description":"Atelier sp\u00e9cialis\u00e9 en fabrication sur mesure","publisher":{"@id":"https:\/\/galleriadesign.ca\/fr\/#organization"},"potentialAction":[{"@type":"SearchAction","target":{"@type":"EntryPoint","urlTemplate":"https:\/\/galleriadesign.ca\/fr\/?s={search_term_string}"},"query-input":{"@type":"PropertyValueSpecification","valueRequired":true,"valueName":"search_term_string"}}],"inLanguage":"fr-FR"},{"@type":"Organization","@id":"https:\/\/galleriadesign.ca\/fr\/#organization","name":"\u00a0Galleria Design","url":"https:\/\/galleriadesign.ca\/fr\/","logo":{"@type":"ImageObject","inLanguage":"fr-FR","@id":"https:\/\/galleriadesign.ca\/fr\/#\/schema\/logo\/image\/","url":"https:\/\/galleriadesign.ca\/wp-content\/uploads\/2023\/10\/new-logo.svg","contentUrl":"https:\/\/galleriadesign.ca\/wp-content\/uploads\/2023\/10\/new-logo.svg","width":1,"height":1,"caption":"\u00a0Galleria Design"},"image":{"@id":"https:\/\/galleriadesign.ca\/fr\/#\/schema\/logo\/image\/"},"sameAs":["https:\/\/www.facebook.com\/GalleriaDesign\/","https:\/\/www.instagram.com\/galleriadesign\/"]}]}},"_links":{"self":[{"href":"https:\/\/galleriadesign.ca\/fr\/wp-json\/wp\/v2\/pages\/114420","targetHints":{"allow":["GET"]}}],"collection":[{"href":"https:\/\/galleriadesign.ca\/fr\/wp-json\/wp\/v2\/pages"}],"about":[{"href":"https:\/\/galleriadesign.ca\/fr\/wp-json\/wp\/v2\/types\/page"}],"author":[{"embeddable":true,"href":"https:\/\/galleriadesign.ca\/fr\/wp-json\/wp\/v2\/users\/4"}],"replies":[{"embeddable":true,"href":"https:\/\/galleriadesign.ca\/fr\/wp-json\/wp\/v2\/comments?post=114420"}],"version-history":[{"count":1,"href":"https:\/\/galleriadesign.ca\/fr\/wp-json\/wp\/v2\/pages\/114420\/revisions"}],"predecessor-version":[{"id":114597,"href":"https:\/\/galleriadesign.ca\/fr\/wp-json\/wp\/v2\/pages\/114420\/revisions\/114597"}],"wp:featuredmedia":[{"embeddable":true,"href":"https:\/\/galleriadesign.ca\/fr\/wp-json\/wp\/v2\/media\/114305"}],"wp:attachment":[{"href":"https:\/\/galleriadesign.ca\/fr\/wp-json\/wp\/v2\/media?parent=114420"}],"curies":[{"name":"wp","href":"https:\/\/api.w.org\/{rel}","templated":true}]}}