{"id":114417,"date":"2023-10-09T01:39:30","date_gmt":"2023-10-09T05:39:30","guid":{"rendered":"https:\/\/galleriadesign.ca\/a-propos-de-nous\/"},"modified":"2023-12-18T02:12:57","modified_gmt":"2023-12-18T07:12:57","slug":"a-propos-de-nous","status":"publish","type":"page","link":"https:\/\/galleriadesign.ca\/fr\/a-propos-de-nous\/","title":{"rendered":"\u00c0 propos de nous"},"content":{"rendered":"<p>[vc_row row_height_percent=\u00a0\u00bb0&Prime; override_padding=\u00a0\u00bbyes\u00a0\u00bb h_padding=\u00a0\u00bb2&Prime; top_padding=\u00a0\u00bb6&Prime; bottom_padding=\u00a0\u00bb6&Prime; back_image=\u00a0\u00bb113342&Prime; back_repeat=\u00a0\u00bbno-repeat\u00a0\u00bb back_position=\u00a0\u00bbright bottom\u00a0\u00bb overlay_color=\u00a0\u00bbcolor-xsdn\u00a0\u00bb overlay_alpha=\u00a0\u00bb66&Prime; equal_height=\u00a0\u00bbyes\u00a0\u00bb gutter_size=\u00a0\u00bb4&Prime; column_width_percent=\u00a0\u00bb100&Prime; shift_y=\u00a0\u00bb0&Prime; z_index=\u00a0\u00bb0&Prime; inverted_device_order=\u00a0\u00bbyes\u00a0\u00bb uncode_shortcode_id=\u00a0\u00bb166354&Prime; back_size=\u00a0\u00bbcover\u00a0\u00bb overlay_color_type=\u00a0\u00bbuncode-palette\u00a0\u00bb][vc_column column_width_percent=\u00a0\u00bb100&Prime; position_vertical=\u00a0\u00bbmiddle\u00a0\u00bb gutter_size=\u00a0\u00bb3&Prime; overlay_alpha=\u00a0\u00bb50&Prime; shift_x=\u00a0\u00bb0&Prime; shift_y=\u00a0\u00bb0&Prime; shift_y_down=\u00a0\u00bb0&Prime; z_index=\u00a0\u00bb0&Prime; medium_width=\u00a0\u00bb0&Prime; mobile_width=\u00a0\u00bb0&Prime; width=\u00a0\u00bb1\/2&Prime;][vc_row_inner row_inner_height_percent=\u00a0\u00bb0&Prime; overlay_alpha=\u00a0\u00bb50&Prime; gutter_size=\u00a0\u00bb3&Prime; shift_y=\u00a0\u00bb0&Prime; z_index=\u00a0\u00bb0&Prime; uncode_shortcode_id=\u00a0\u00bb603132&Prime;][vc_column_inner column_width_percent=\u00a0\u00bb100&Prime; gutter_size=\u00a0\u00bb3&Prime; overlay_alpha=\u00a0\u00bb50&Prime; shift_x=\u00a0\u00bb0&Prime; shift_y=\u00a0\u00bb-2&Prime; shift_y_fixed=\u00a0\u00bbyes\u00a0\u00bb shift_y_down=\u00a0\u00bb0&Prime; z_index=\u00a0\u00bb0&Prime; medium_width=\u00a0\u00bb4&Prime; mobile_width=\u00a0\u00bb4&Prime; parallax_intensity=\u00a0\u00bb3&Prime; width=\u00a0\u00bb1\/2&Prime; uncode_shortcode_id=\u00a0\u00bb211379&Prime;][vc_empty_space empty_h=\u00a0\u00bb1&Prime;][vc_single_image media=\u00a0\u00bb113374&Prime; media_lightbox=\u00a0\u00bbyes\u00a0\u00bb media_width_percent=\u00a0\u00bb100&Prime; uncode_shortcode_id=\u00a0\u00bb197393&Prime;][\/vc_column_inner][vc_column_inner column_width_percent=\u00a0\u00bb100&Prime; gutter_size=\u00a0\u00bb3&Prime; overlay_alpha=\u00a0\u00bb50&Prime; shift_x=\u00a0\u00bb0&Prime; shift_y=\u00a0\u00bb0&Prime; shift_y_fixed=\u00a0\u00bbyes\u00a0\u00bb shift_y_down=\u00a0\u00bb-2&Prime; z_index=\u00a0\u00bb0&Prime; medium_width=\u00a0\u00bb4&Prime; mobile_width=\u00a0\u00bb4&Prime; parallax_intensity=\u00a0\u00bb5&Prime; width=\u00a0\u00bb1\/2&Prime; uncode_shortcode_id=\u00a0\u00bb331243&Prime;][vc_single_image media=\u00a0\u00bb113370&Prime; media_lightbox=\u00a0\u00bbyes\u00a0\u00bb media_width_percent=\u00a0\u00bb100&Prime; uncode_shortcode_id=\u00a0\u00bb201710&Prime;][\/vc_column_inner][\/vc_row_inner][vc_empty_space empty_h=\u00a0\u00bb2&Prime; desktop_visibility=\u00a0\u00bbyes\u00a0\u00bb][\/vc_column][vc_column column_width_percent=\u00a0\u00bb100&Prime; position_horizontal=\u00a0\u00bbleft\u00a0\u00bb position_vertical=\u00a0\u00bbmiddle\u00a0\u00bb gutter_size=\u00a0\u00bb3&Prime; overlay_alpha=\u00a0\u00bb50&Prime; shift_x=\u00a0\u00bb0&Prime; shift_y=\u00a0\u00bb0&Prime; shift_y_down=\u00a0\u00bb0&Prime; z_index=\u00a0\u00bb0&Prime; align_medium=\u00a0\u00bbalign_center_tablet\u00a0\u00bb medium_width=\u00a0\u00bb0&Prime; align_mobile=\u00a0\u00bbalign_center_mobile\u00a0\u00bb mobile_width=\u00a0\u00bb0&Prime; width=\u00a0\u00bb1\/2&Prime; uncode_shortcode_id=\u00a0\u00bb136203&Prime;][vc_custom_heading heading_semantic=\u00a0\u00bbh1&Prime; text_size=\u00a0\u00bbfontsize-338686&Prime; text_height=\u00a0\u00bbfontheight-623029&Prime; sub_reduced=\u00a0\u00bbyes\u00a0\u00bb css_animation=\u00a0\u00bbcurtain\u00a0\u00bb animation_speed=\u00a0\u00bb800&Prime; animation_delay=\u00a0\u00bb100&Prime; interval_animation=\u00a0\u00bb200&Prime; text_uppercase=\u00a0\u00bb\u00a0\u00bb uncode_shortcode_id=\u00a0\u00bb183011&Prime;]\u00c0 propos de nous[\/vc_custom_heading][vc_separator sep_color=\u00a0\u00bb\u00a0\u00bb el_height=\u00a0\u00bb1px\u00a0\u00bb uncode_shortcode_id=\u00a0\u00bb153337&Prime;][vc_column_text text_lead=\u00a0\u00bbyes\u00a0\u00bb css_animation=\u00a0\u00bbbottom-t-top\u00a0\u00bb animation_delay=\u00a0\u00bb200&Prime; uncode_shortcode_id=\u00a0\u00bb968882&Prime;]Depuis 1995, Galleria Design se distingue par son savoir-faire exceptionnel qui lui permet de donner vie \u00e0 la maison de vos r\u00eaves. Nos meubles sur mesure t\u00e9moignent de notre passion et de notre engagement envers l&rsquo;excellence. Ils sont tous m\u00e9ticuleusement fabriqu\u00e9s sur place par nos \u00e9b\u00e9nistes qualifi\u00e9s dans notre atelier de Saint-L\u00e9onard.[\/vc_column_text][vc_empty_space empty_h=\u00a0\u00bb2&Prime; desktop_visibility=\u00a0\u00bbyes\u00a0\u00bb][\/vc_column][\/vc_row][vc_row row_height_percent=\u00a0\u00bb0&Prime; override_padding=\u00a0\u00bbyes\u00a0\u00bb h_padding=\u00a0\u00bb2&Prime; top_padding=\u00a0\u00bb5&Prime; bottom_padding=\u00a0\u00bb5&Prime; back_image=\u00a0\u00bb113375&Prime; back_repeat=\u00a0\u00bbno-repeat\u00a0\u00bb back_attachment=\u00a0\u00bbfixed\u00a0\u00bb back_position=\u00a0\u00bbcenter center\u00a0\u00bb overlay_color=\u00a0\u00bbcolor-rgdb\u00a0\u00bb overlay_alpha=\u00a0\u00bb60&Prime; gutter_size=\u00a0\u00bb3&Prime; column_width_percent=\u00a0\u00bb100&Prime; shift_y=\u00a0\u00bb0&Prime; z_index=\u00a0\u00bb0&Prime; uncode_shortcode_id=\u00a0\u00bb192420&Prime; overlay_color_type=\u00a0\u00bbuncode-palette\u00a0\u00bb back_size=\u00a0\u00bbcover\u00a0\u00bb][vc_column column_width_use_pixel=\u00a0\u00bbyes\u00a0\u00bb position_horizontal=\u00a0\u00bbleft\u00a0\u00bb gutter_size=\u00a0\u00bb3&Prime; style=\u00a0\u00bbdark\u00a0\u00bb overlay_alpha=\u00a0\u00bb50&Prime; shift_x=\u00a0\u00bb0&Prime; shift_y=\u00a0\u00bb0&Prime; shift_y_down=\u00a0\u00bb0&Prime; z_index=\u00a0\u00bb0&Prime; medium_width=\u00a0\u00bb0&Prime; align_mobile=\u00a0\u00bbalign_center_mobile\u00a0\u00bb mobile_width=\u00a0\u00bb0&Prime; width=\u00a0\u00bb1\/1&Prime; uncode_shortcode_id=\u00a0\u00bb174679&Prime; column_width_pixel=\u00a0\u00bb850&Prime;][vc_custom_heading heading_semantic=\u00a0\u00bbh1&Prime; text_size=\u00a0\u00bbfontsize-338686&Prime; text_height=\u00a0\u00bbfontheight-179065&Prime; sub_reduced=\u00a0\u00bbyes\u00a0\u00bb css_animation=\u00a0\u00bbcurtain\u00a0\u00bb animation_speed=\u00a0\u00bb800&Prime; animation_delay=\u00a0\u00bb100&Prime; interval_animation=\u00a0\u00bb200&Prime; text_uppercase=\u00a0\u00bb\u00a0\u00bb uncode_shortcode_id=\u00a0\u00bb197255&Prime;]L&rsquo;art au service de l&rsquo;artisanat[\/vc_custom_heading][vc_separator sep_color=\u00a0\u00bb\u00a0\u00bb el_height=\u00a0\u00bb1px\u00a0\u00bb uncode_shortcode_id=\u00a0\u00bb153337&Prime;][vc_column_text text_lead=\u00a0\u00bbyes\u00a0\u00bb css_animation=\u00a0\u00bbbottom-t-top\u00a0\u00bb animation_delay=\u00a0\u00bb200&Prime; uncode_shortcode_id=\u00a0\u00bb196827&Prime;]Notre parcours est d\u00e9fini par l&rsquo;art. Chaque meuble sur mesure que nous cr\u00e9ons porte la marque de nos artisans passionn\u00e9s et exp\u00e9riment\u00e9s. Chaque projet est un chef-d&rsquo;\u0153uvre adapt\u00e9 \u00e0 votre vision unique, qu&rsquo;il s&rsquo;agisse de cuisines magnifiques, de salles de bains somptueuses ou de meubles architecturaux.[\/vc_column_text][vc_button button_color=\u00a0\u00bbaccent\u00a0\u00bb border_width=\u00a0\u00bb0&Prime; css_animation=\u00a0\u00bbbottom-t-top\u00a0\u00bb animation_delay=\u00a0\u00bb300&Prime; link=\u00a0\u00bburl:https%3A%2F%2Fgalleriadesign.ca%2Ffr%2Fgalerie%2F|title:Galerie\u00a0\u00bb button_color_type=\u00a0\u00bbuncode-palette\u00a0\u00bb uncode_shortcode_id=\u00a0\u00bb236618&Prime;]Voir nos projets[\/vc_button][\/vc_column][\/vc_row][vc_row row_height_percent=\u00a0\u00bb0&Prime; override_padding=\u00a0\u00bbyes\u00a0\u00bb h_padding=\u00a0\u00bb2&Prime; top_padding=\u00a0\u00bb6&Prime; bottom_padding=\u00a0\u00bb6&Prime; back_image=\u00a0\u00bb113342&Prime; back_repeat=\u00a0\u00bbno-repeat\u00a0\u00bb back_position=\u00a0\u00bbright bottom\u00a0\u00bb overlay_color=\u00a0\u00bbcolor-xsdn\u00a0\u00bb overlay_alpha=\u00a0\u00bb66&Prime; equal_height=\u00a0\u00bbyes\u00a0\u00bb gutter_size=\u00a0\u00bb4&Prime; column_width_percent=\u00a0\u00bb100&Prime; shift_y=\u00a0\u00bb0&Prime; z_index=\u00a0\u00bb0&Prime; uncode_shortcode_id=\u00a0\u00bb166886&Prime; back_size=\u00a0\u00bbcover\u00a0\u00bb overlay_color_type=\u00a0\u00bbuncode-palette\u00a0\u00bb][vc_column column_width_percent=\u00a0\u00bb100&Prime; position_horizontal=\u00a0\u00bbleft\u00a0\u00bb position_vertical=\u00a0\u00bbmiddle\u00a0\u00bb gutter_size=\u00a0\u00bb3&Prime; overlay_alpha=\u00a0\u00bb50&Prime; shift_x=\u00a0\u00bb0&Prime; shift_y=\u00a0\u00bb0&Prime; shift_y_down=\u00a0\u00bb0&Prime; z_index=\u00a0\u00bb0&Prime; align_medium=\u00a0\u00bbalign_center_tablet\u00a0\u00bb medium_width=\u00a0\u00bb0&Prime; align_mobile=\u00a0\u00bbalign_center_mobile\u00a0\u00bb mobile_width=\u00a0\u00bb0&Prime; width=\u00a0\u00bb1\/2&Prime; uncode_shortcode_id=\u00a0\u00bb976095&Prime;][vc_custom_heading heading_semantic=\u00a0\u00bbh1&Prime; text_size=\u00a0\u00bbfontsize-338686&Prime; text_height=\u00a0\u00bbfontheight-623029&Prime; sub_reduced=\u00a0\u00bbyes\u00a0\u00bb css_animation=\u00a0\u00bbcurtain\u00a0\u00bb animation_speed=\u00a0\u00bb800&Prime; animation_delay=\u00a0\u00bb100&Prime; interval_animation=\u00a0\u00bb200&Prime; text_uppercase=\u00a0\u00bb\u00a0\u00bb uncode_shortcode_id=\u00a0\u00bb773595&Prime;]Un remarquable parcours d&rsquo;excellence[\/vc_custom_heading][vc_separator sep_color=\u00a0\u00bb\u00a0\u00bb el_height=\u00a0\u00bb1px\u00a0\u00bb uncode_shortcode_id=\u00a0\u00bb153337&Prime;][vc_column_text text_lead=\u00a0\u00bbyes\u00a0\u00bb css_animation=\u00a0\u00bbbottom-t-top\u00a0\u00bb animation_delay=\u00a0\u00bb200&Prime; uncode_shortcode_id=\u00a0\u00bb173462&Prime;]Depuis notre cr\u00e9ation, Galleria Design est un v\u00e9ritable leader en mati\u00e8re de design et d&rsquo;artisanat. Notre salle d&rsquo;exposition et notre atelier offrent un aper\u00e7u de notre univers empreint de soin, d&rsquo;int\u00e9grit\u00e9 et d&rsquo;un engagement ind\u00e9fectible envers l&rsquo;excellence.[\/vc_column_text][vc_empty_space empty_h=\u00a0\u00bb2&Prime; desktop_visibility=\u00a0\u00bbyes\u00a0\u00bb][\/vc_column][vc_column column_width_percent=\u00a0\u00bb100&Prime; position_vertical=\u00a0\u00bbmiddle\u00a0\u00bb gutter_size=\u00a0\u00bb3&Prime; overlay_alpha=\u00a0\u00bb50&Prime; shift_x=\u00a0\u00bb0&Prime; shift_y=\u00a0\u00bb0&Prime; shift_y_down=\u00a0\u00bb0&Prime; z_index=\u00a0\u00bb0&Prime; medium_width=\u00a0\u00bb0&Prime; mobile_width=\u00a0\u00bb0&Prime; width=\u00a0\u00bb1\/2&Prime;][vc_row_inner row_inner_height_percent=\u00a0\u00bb0&Prime; overlay_alpha=\u00a0\u00bb50&Prime; gutter_size=\u00a0\u00bb3&Prime; shift_y=\u00a0\u00bb0&Prime; z_index=\u00a0\u00bb0&Prime; uncode_shortcode_id=\u00a0\u00bb129676&Prime;][vc_column_inner column_width_percent=\u00a0\u00bb100&Prime; gutter_size=\u00a0\u00bb3&Prime; overlay_alpha=\u00a0\u00bb50&Prime; shift_x=\u00a0\u00bb0&Prime; shift_y=\u00a0\u00bb-2&Prime; shift_y_fixed=\u00a0\u00bbyes\u00a0\u00bb shift_y_down=\u00a0\u00bb0&Prime; z_index=\u00a0\u00bb0&Prime; medium_width=\u00a0\u00bb4&Prime; mobile_width=\u00a0\u00bb4&Prime; parallax_intensity=\u00a0\u00bb3&Prime; width=\u00a0\u00bb1\/2&Prime; uncode_shortcode_id=\u00a0\u00bb181669&Prime;][vc_empty_space empty_h=\u00a0\u00bb1&Prime;][vc_single_image media=\u00a0\u00bb113371&Prime; media_lightbox=\u00a0\u00bbyes\u00a0\u00bb media_width_percent=\u00a0\u00bb100&Prime; uncode_shortcode_id=\u00a0\u00bb178840&Prime;][\/vc_column_inner][vc_column_inner column_width_percent=\u00a0\u00bb100&Prime; gutter_size=\u00a0\u00bb3&Prime; overlay_alpha=\u00a0\u00bb50&Prime; shift_x=\u00a0\u00bb0&Prime; shift_y=\u00a0\u00bb0&Prime; shift_y_fixed=\u00a0\u00bbyes\u00a0\u00bb shift_y_down=\u00a0\u00bb-2&Prime; z_index=\u00a0\u00bb0&Prime; medium_width=\u00a0\u00bb4&Prime; mobile_width=\u00a0\u00bb4&Prime; parallax_intensity=\u00a0\u00bb5&Prime; width=\u00a0\u00bb1\/2&Prime; uncode_shortcode_id=\u00a0\u00bb331243&Prime;][vc_single_image media=\u00a0\u00bb113372&Prime; media_lightbox=\u00a0\u00bbyes\u00a0\u00bb media_width_percent=\u00a0\u00bb100&Prime; uncode_shortcode_id=\u00a0\u00bb199761&Prime;][\/vc_column_inner][\/vc_row_inner][vc_empty_space empty_h=\u00a0\u00bb2&Prime; desktop_visibility=\u00a0\u00bbyes\u00a0\u00bb][\/vc_column][\/vc_row][vc_row][vc_column width=\u00a0\u00bb1\/1&Prime;][uncode_block id=\u00a0\u00bb114466&Prime;][\/vc_column][\/vc_row]<\/p>\n","protected":false},"excerpt":{"rendered":"<p>[vc_row row_height_percent=\u00a0\u00bb0&Prime; override_padding=\u00a0\u00bbyes\u00a0\u00bb h_padding=\u00a0\u00bb2&Prime; top_padding=\u00a0\u00bb6&Prime; bottom_padding=\u00a0\u00bb6&Prime; back_image=\u00a0\u00bb113342&Prime; back_repeat=\u00a0\u00bbno-repeat\u00a0\u00bb back_position=\u00a0\u00bbright bottom\u00a0\u00bb overlay_color=\u00a0\u00bbcolor-xsdn\u00a0\u00bb overlay_alpha=\u00a0\u00bb66&Prime; equal_height=\u00a0\u00bbyes\u00a0\u00bb gutter_size=\u00a0\u00bb4&Prime; column_width_percent=\u00a0\u00bb100&Prime; shift_y=\u00a0\u00bb0&Prime; z_index=\u00a0\u00bb0&Prime; inverted_device_order=\u00a0\u00bbyes\u00a0\u00bb uncode_shortcode_id=\u00a0\u00bb166354&Prime; back_size=\u00a0\u00bbcover\u00a0\u00bb [&hellip;]<\/p>\n","protected":false},"author":4,"featured_media":114084,"parent":0,"menu_order":0,"comment_status":"closed","ping_status":"closed","template":"","meta":{"footnotes":""},"class_list":["post-114417","page","type-page","status-publish","has-post-thumbnail","hentry"],"yoast_head":"<!-- This site is optimized with the Yoast SEO plugin v27.4 - https:\/\/yoast.com\/product\/yoast-seo-wordpress\/ -->\n<title>\u00c0 propos de nous &#8212; \u00a0Galleria Design<\/title>\n<meta name=\"description\" content=\"Galleria Design est un v\u00e9ritable leader en mati\u00e8re de design et d&#039;artisanat. Notre parcours est d\u00e9fini par l&#039;art et chaque projet est un chef-d&#039;\u0153uvre.\" \/>\n<meta name=\"robots\" content=\"index, follow, max-snippet:-1, max-image-preview:large, max-video-preview:-1\" \/>\n<link rel=\"canonical\" href=\"https:\/\/galleriadesign.ca\/fr\/a-propos-de-nous\/\" \/>\n<meta property=\"og:locale\" content=\"fr_FR\" \/>\n<meta property=\"og:type\" content=\"article\" \/>\n<meta property=\"og:title\" content=\"\u00c0 propos de nous &#8212; \u00a0Galleria Design\" \/>\n<meta property=\"og:description\" content=\"Galleria Design est un v\u00e9ritable leader en mati\u00e8re de design et d&#039;artisanat. Notre parcours est d\u00e9fini par l&#039;art et chaque projet est un chef-d&#039;\u0153uvre.\" \/>\n<meta property=\"og:url\" content=\"https:\/\/galleriadesign.ca\/fr\/a-propos-de-nous\/\" \/>\n<meta property=\"og:site_name\" content=\"\u00a0Galleria Design\" \/>\n<meta property=\"article:publisher\" content=\"https:\/\/www.facebook.com\/GalleriaDesign\/\" \/>\n<meta property=\"article:modified_time\" content=\"2023-12-18T07:12:57+00:00\" \/>\n<meta property=\"og:image\" content=\"https:\/\/galleriadesign.ca\/wp-content\/uploads\/2023\/10\/galleria-design-about-us-0.jpg\" \/>\n\t<meta property=\"og:image:width\" content=\"2000\" \/>\n\t<meta property=\"og:image:height\" content=\"1333\" \/>\n\t<meta property=\"og:image:type\" content=\"image\/jpeg\" \/>\n<meta name=\"twitter:card\" content=\"summary_large_image\" \/>\n<meta name=\"twitter:label1\" content=\"Dur\u00e9e de lecture estim\u00e9e\" \/>\n\t<meta name=\"twitter:data1\" content=\"3 minutes\" \/>\n<script type=\"application\/ld+json\" class=\"yoast-schema-graph\">{\"@context\":\"https:\\\/\\\/schema.org\",\"@graph\":[{\"@type\":\"WebPage\",\"@id\":\"https:\\\/\\\/galleriadesign.ca\\\/fr\\\/a-propos-de-nous\\\/\",\"url\":\"https:\\\/\\\/galleriadesign.ca\\\/fr\\\/a-propos-de-nous\\\/\",\"name\":\"\u00c0 propos de nous &#8212; \u00a0Galleria Design\",\"isPartOf\":{\"@id\":\"https:\\\/\\\/galleriadesign.ca\\\/fr\\\/#website\"},\"primaryImageOfPage\":{\"@id\":\"https:\\\/\\\/galleriadesign.ca\\\/fr\\\/a-propos-de-nous\\\/#primaryimage\"},\"image\":{\"@id\":\"https:\\\/\\\/galleriadesign.ca\\\/fr\\\/a-propos-de-nous\\\/#primaryimage\"},\"thumbnailUrl\":\"https:\\\/\\\/galleriadesign.ca\\\/wp-content\\\/uploads\\\/2023\\\/10\\\/galleria-design-about-us-0.jpg\",\"datePublished\":\"2023-10-09T05:39:30+00:00\",\"dateModified\":\"2023-12-18T07:12:57+00:00\",\"description\":\"Galleria Design est un v\u00e9ritable leader en mati\u00e8re de design et d'artisanat. Notre parcours est d\u00e9fini par l'art et chaque projet est un chef-d'\u0153uvre.\",\"breadcrumb\":{\"@id\":\"https:\\\/\\\/galleriadesign.ca\\\/fr\\\/a-propos-de-nous\\\/#breadcrumb\"},\"inLanguage\":\"fr-FR\",\"potentialAction\":[{\"@type\":\"ReadAction\",\"target\":[\"https:\\\/\\\/galleriadesign.ca\\\/fr\\\/a-propos-de-nous\\\/\"]}]},{\"@type\":\"ImageObject\",\"inLanguage\":\"fr-FR\",\"@id\":\"https:\\\/\\\/galleriadesign.ca\\\/fr\\\/a-propos-de-nous\\\/#primaryimage\",\"url\":\"https:\\\/\\\/galleriadesign.ca\\\/wp-content\\\/uploads\\\/2023\\\/10\\\/galleria-design-about-us-0.jpg\",\"contentUrl\":\"https:\\\/\\\/galleriadesign.ca\\\/wp-content\\\/uploads\\\/2023\\\/10\\\/galleria-design-about-us-0.jpg\",\"width\":2000,\"height\":1333},{\"@type\":\"BreadcrumbList\",\"@id\":\"https:\\\/\\\/galleriadesign.ca\\\/fr\\\/a-propos-de-nous\\\/#breadcrumb\",\"itemListElement\":[{\"@type\":\"ListItem\",\"position\":1,\"name\":\"Startseite\",\"item\":\"https:\\\/\\\/galleriadesign.ca\\\/fr\\\/\"},{\"@type\":\"ListItem\",\"position\":2,\"name\":\"\u00c0 propos de nous\"}]},{\"@type\":\"WebSite\",\"@id\":\"https:\\\/\\\/galleriadesign.ca\\\/fr\\\/#website\",\"url\":\"https:\\\/\\\/galleriadesign.ca\\\/fr\\\/\",\"name\":\"\u00a0Galleria Design\",\"description\":\"Atelier sp\u00e9cialis\u00e9 en fabrication sur mesure\",\"publisher\":{\"@id\":\"https:\\\/\\\/galleriadesign.ca\\\/fr\\\/#organization\"},\"potentialAction\":[{\"@type\":\"SearchAction\",\"target\":{\"@type\":\"EntryPoint\",\"urlTemplate\":\"https:\\\/\\\/galleriadesign.ca\\\/fr\\\/?s={search_term_string}\"},\"query-input\":{\"@type\":\"PropertyValueSpecification\",\"valueRequired\":true,\"valueName\":\"search_term_string\"}}],\"inLanguage\":\"fr-FR\"},{\"@type\":\"Organization\",\"@id\":\"https:\\\/\\\/galleriadesign.ca\\\/fr\\\/#organization\",\"name\":\"\u00a0Galleria Design\",\"url\":\"https:\\\/\\\/galleriadesign.ca\\\/fr\\\/\",\"logo\":{\"@type\":\"ImageObject\",\"inLanguage\":\"fr-FR\",\"@id\":\"https:\\\/\\\/galleriadesign.ca\\\/fr\\\/#\\\/schema\\\/logo\\\/image\\\/\",\"url\":\"https:\\\/\\\/galleriadesign.ca\\\/wp-content\\\/uploads\\\/2023\\\/10\\\/new-logo.svg\",\"contentUrl\":\"https:\\\/\\\/galleriadesign.ca\\\/wp-content\\\/uploads\\\/2023\\\/10\\\/new-logo.svg\",\"width\":1,\"height\":1,\"caption\":\"\u00a0Galleria Design\"},\"image\":{\"@id\":\"https:\\\/\\\/galleriadesign.ca\\\/fr\\\/#\\\/schema\\\/logo\\\/image\\\/\"},\"sameAs\":[\"https:\\\/\\\/www.facebook.com\\\/GalleriaDesign\\\/\",\"https:\\\/\\\/www.instagram.com\\\/galleriadesign\\\/\"]}]}<\/script>\n<!-- \/ Yoast SEO plugin. -->","yoast_head_json":{"title":"\u00c0 propos de nous &#8212; \u00a0Galleria Design","description":"Galleria Design est un v\u00e9ritable leader en mati\u00e8re de design et d'artisanat. Notre parcours est d\u00e9fini par l'art et chaque projet est un chef-d'\u0153uvre.","robots":{"index":"index","follow":"follow","max-snippet":"max-snippet:-1","max-image-preview":"max-image-preview:large","max-video-preview":"max-video-preview:-1"},"canonical":"https:\/\/galleriadesign.ca\/fr\/a-propos-de-nous\/","og_locale":"fr_FR","og_type":"article","og_title":"\u00c0 propos de nous &#8212; \u00a0Galleria Design","og_description":"Galleria Design est un v\u00e9ritable leader en mati\u00e8re de design et d'artisanat. Notre parcours est d\u00e9fini par l'art et chaque projet est un chef-d'\u0153uvre.","og_url":"https:\/\/galleriadesign.ca\/fr\/a-propos-de-nous\/","og_site_name":"\u00a0Galleria Design","article_publisher":"https:\/\/www.facebook.com\/GalleriaDesign\/","article_modified_time":"2023-12-18T07:12:57+00:00","og_image":[{"width":2000,"height":1333,"url":"https:\/\/galleriadesign.ca\/wp-content\/uploads\/2023\/10\/galleria-design-about-us-0.jpg","type":"image\/jpeg"}],"twitter_card":"summary_large_image","twitter_misc":{"Dur\u00e9e de lecture estim\u00e9e":"3 minutes"},"schema":{"@context":"https:\/\/schema.org","@graph":[{"@type":"WebPage","@id":"https:\/\/galleriadesign.ca\/fr\/a-propos-de-nous\/","url":"https:\/\/galleriadesign.ca\/fr\/a-propos-de-nous\/","name":"\u00c0 propos de nous &#8212; \u00a0Galleria Design","isPartOf":{"@id":"https:\/\/galleriadesign.ca\/fr\/#website"},"primaryImageOfPage":{"@id":"https:\/\/galleriadesign.ca\/fr\/a-propos-de-nous\/#primaryimage"},"image":{"@id":"https:\/\/galleriadesign.ca\/fr\/a-propos-de-nous\/#primaryimage"},"thumbnailUrl":"https:\/\/galleriadesign.ca\/wp-content\/uploads\/2023\/10\/galleria-design-about-us-0.jpg","datePublished":"2023-10-09T05:39:30+00:00","dateModified":"2023-12-18T07:12:57+00:00","description":"Galleria Design est un v\u00e9ritable leader en mati\u00e8re de design et d'artisanat. Notre parcours est d\u00e9fini par l'art et chaque projet est un chef-d'\u0153uvre.","breadcrumb":{"@id":"https:\/\/galleriadesign.ca\/fr\/a-propos-de-nous\/#breadcrumb"},"inLanguage":"fr-FR","potentialAction":[{"@type":"ReadAction","target":["https:\/\/galleriadesign.ca\/fr\/a-propos-de-nous\/"]}]},{"@type":"ImageObject","inLanguage":"fr-FR","@id":"https:\/\/galleriadesign.ca\/fr\/a-propos-de-nous\/#primaryimage","url":"https:\/\/galleriadesign.ca\/wp-content\/uploads\/2023\/10\/galleria-design-about-us-0.jpg","contentUrl":"https:\/\/galleriadesign.ca\/wp-content\/uploads\/2023\/10\/galleria-design-about-us-0.jpg","width":2000,"height":1333},{"@type":"BreadcrumbList","@id":"https:\/\/galleriadesign.ca\/fr\/a-propos-de-nous\/#breadcrumb","itemListElement":[{"@type":"ListItem","position":1,"name":"Startseite","item":"https:\/\/galleriadesign.ca\/fr\/"},{"@type":"ListItem","position":2,"name":"\u00c0 propos de nous"}]},{"@type":"WebSite","@id":"https:\/\/galleriadesign.ca\/fr\/#website","url":"https:\/\/galleriadesign.ca\/fr\/","name":"\u00a0Galleria Design","description":"Atelier sp\u00e9cialis\u00e9 en fabrication sur mesure","publisher":{"@id":"https:\/\/galleriadesign.ca\/fr\/#organization"},"potentialAction":[{"@type":"SearchAction","target":{"@type":"EntryPoint","urlTemplate":"https:\/\/galleriadesign.ca\/fr\/?s={search_term_string}"},"query-input":{"@type":"PropertyValueSpecification","valueRequired":true,"valueName":"search_term_string"}}],"inLanguage":"fr-FR"},{"@type":"Organization","@id":"https:\/\/galleriadesign.ca\/fr\/#organization","name":"\u00a0Galleria Design","url":"https:\/\/galleriadesign.ca\/fr\/","logo":{"@type":"ImageObject","inLanguage":"fr-FR","@id":"https:\/\/galleriadesign.ca\/fr\/#\/schema\/logo\/image\/","url":"https:\/\/galleriadesign.ca\/wp-content\/uploads\/2023\/10\/new-logo.svg","contentUrl":"https:\/\/galleriadesign.ca\/wp-content\/uploads\/2023\/10\/new-logo.svg","width":1,"height":1,"caption":"\u00a0Galleria Design"},"image":{"@id":"https:\/\/galleriadesign.ca\/fr\/#\/schema\/logo\/image\/"},"sameAs":["https:\/\/www.facebook.com\/GalleriaDesign\/","https:\/\/www.instagram.com\/galleriadesign\/"]}]}},"_links":{"self":[{"href":"https:\/\/galleriadesign.ca\/fr\/wp-json\/wp\/v2\/pages\/114417","targetHints":{"allow":["GET"]}}],"collection":[{"href":"https:\/\/galleriadesign.ca\/fr\/wp-json\/wp\/v2\/pages"}],"about":[{"href":"https:\/\/galleriadesign.ca\/fr\/wp-json\/wp\/v2\/types\/page"}],"author":[{"embeddable":true,"href":"https:\/\/galleriadesign.ca\/fr\/wp-json\/wp\/v2\/users\/4"}],"replies":[{"embeddable":true,"href":"https:\/\/galleriadesign.ca\/fr\/wp-json\/wp\/v2\/comments?post=114417"}],"version-history":[{"count":1,"href":"https:\/\/galleriadesign.ca\/fr\/wp-json\/wp\/v2\/pages\/114417\/revisions"}],"predecessor-version":[{"id":114602,"href":"https:\/\/galleriadesign.ca\/fr\/wp-json\/wp\/v2\/pages\/114417\/revisions\/114602"}],"wp:featuredmedia":[{"embeddable":true,"href":"https:\/\/galleriadesign.ca\/fr\/wp-json\/wp\/v2\/media\/114084"}],"wp:attachment":[{"href":"https:\/\/galleriadesign.ca\/fr\/wp-json\/wp\/v2\/media?parent=114417"}],"curies":[{"name":"wp","href":"https:\/\/api.w.org\/{rel}","templated":true}]}}